{"id":2259,"date":"2022-08-26T10:12:01","date_gmt":"2022-08-26T02:12:01","guid":{"rendered":"https:\/\/demo109.huaxialifting.com\/?post_type=product&#038;p=2259"},"modified":"2022-09-01T09:38:21","modified_gmt":"2022-09-01T01:38:21","slug":"24-tape-in-hair","status":"publish","type":"product","link":"https:\/\/demo109.huaxialifting.com\/zh\/product\/24-tape-in-hair\/","title":{"rendered":"24&#8221; Tape in Hair"},"content":{"rendered":"<h2 style=\"text-align: center;\">Tape Hair Extensions FAQ&#8217;s<\/h2>\n<div class=\"title\">1. What&#8217;s the advantage of tape hair extensions?<\/div>\n<div class=\"answer\">\n<p>Tape hair extension is a perfect solution for adding length or fullness to your hair .It lays flat against your head without bumps and humps .No adhesive, clips or chemicals are used. It is very durable\u00a0and can be reused by changing tapes. It is the most convenient, simplest and speedy way of applying hair extensions.<\/p>\n<\/div>\n<p>&nbsp;<\/p>\n<div class=\"title\">2. Why are the prices so much different from different suppliers?<\/div>\n<div class=\"answer\">\n<div id=\"content\" class=\"site-content\">\n<section class=\"prdocutAreaMargin\">\n<div class=\"container\">\n<div class=\"row\">\n<div class=\"col-lg-9 col-sm-6 productListDetailsArea clearfix\">\n<div class=\"productMiddlArea clearfix\">\n<p>There are two key factors to decide the quotation:<\/p>\n<p>One is the cost of raw hair which is extremely different with different types( cuticle remy, remy, non remy etc) . for example, the cuticle remy hair is around 40%-50% higher than the non remy hair( Dead hair that is falling naturally).<\/p>\n<p>The other factor is the hair length ratio( double drawn, single drawn, 30% ,40% single drawn, etc). The more the long hair is, the higher the price would be. For example, the double drawn is around 30%-40% higher than the single drawn.<\/p>\n<\/div>\n<\/div>\n<\/div>\n<\/div>\n<\/section>\n<\/div>\n<\/div>","protected":false},"excerpt":{"rendered":"<p>Tape in hair extension is a perfect solution for adding length or fullness to your hair. It lays flat against your head without bumps and humps. No adhesive, clips or chemicals are used. It is very durable\u00a0and can be reused by changing tapes. It is the most convenient, simplest and speedy way of applying hair extensions.<\/p>\n<hr \/>\n<p><strong><span style=\"color: #e0b87d;\">\u89c4\u683c\uff1a<\/span><\/strong><br \/>\n<strong><span style=\"color: #000000;\">\u5934\u53d1\u7c7b\u578b:<\/span><\/strong> 100% \u89d2\u8d28\u5c42\u96f7\u7c73\u5934\u53d1<br \/>\n<strong><span style=\"color: #000000;\">\u957f\u5ea6\uff1a<\/span> <\/strong>14-30\u82f1\u5bf8<br \/>\n<span style=\"color: #000000;\"><strong>\u5934\u53d1\u989c\u8272\uff1a<\/strong> <\/span>\u4ece\u4e4c\u9ed1\u5230\u91d1\u8272\u3001\u6e10\u53d8\u8272\u3001\u6df7\u5408\u8272\u7b49\u7b49\u3002\uff08\u8bf7\u4e0b\u8f7d\u6211\u4eec\u7684\u989c\u8272\u8868\u6216\u8054\u7cfb\u6211\u4eec\u83b7\u53d6\u5b9a\u5236\u989c\u8272\u3002\uff09<br \/>\n<span style=\"color: #000000;\"><strong>\u91cd\u91cf\uff1a<\/strong> <\/span>4.0cm\u00d70.8cm, 4.0cm\u00d70.9cm, 4.0cm\u00d71.0cm<\/p>\n<hr \/>\n<p><strong><span style=\"color: #e0b87d;\">\u4ed8\u6b3e\u548c\u8fd0\u8f93\u6761\u6b3e\uff1a<\/span><\/strong><br \/>\n<span style=\"color: #000000;\"><strong>\u6700\u5c0f\u8d77\u8ba2\u91cf\uff1a<\/strong> <\/span>\u4e0d<br \/>\n<span style=\"color: #000000;\"><strong>\u4ed8\u6b3e\u6761\u4ef6\uff1a <\/strong><\/span>T\/T\u3001\u897f\u8054\u6c47\u6b3e\u3001PayPal<br \/>\n<strong><span style=\"color: #000000;\">\u4ea4\u8d27\u65f6\u95f4\uff1a<\/span><\/strong> \u7ea6 1-2 \u5468<br \/>\n<strong><span style=\"color: #000000;\">\u8fd0\u8f93\uff1a<\/span><\/strong> \u8054\u90a6\u5feb\u9012\u3001UPS\u3001DHL<\/p>","protected":false},"featured_media":2260,"comment_status":"open","ping_status":"closed","template":"","meta":[],"product_cat":[46],"product_tag":[],"class_list":["post-2259","product","type-product","status-publish","has-post-thumbnail","hentry","product_cat-regular-tape-hair"],"acf":[],"_links":{"self":[{"href":"https:\/\/demo109.huaxialifting.com\/zh\/wp-json\/wp\/v2\/product\/2259","targetHints":{"allow":["GET"]}}],"collection":[{"href":"https:\/\/demo109.huaxialifting.com\/zh\/wp-json\/wp\/v2\/product"}],"about":[{"href":"https:\/\/demo109.huaxialifting.com\/zh\/wp-json\/wp\/v2\/types\/product"}],"replies":[{"embeddable":true,"href":"https:\/\/demo109.huaxialifting.com\/zh\/wp-json\/wp\/v2\/comments?post=2259"}],"wp:featuredmedia":[{"embeddable":true,"href":"https:\/\/demo109.huaxialifting.com\/zh\/wp-json\/wp\/v2\/media\/2260"}],"wp:attachment":[{"href":"https:\/\/demo109.huaxialifting.com\/zh\/wp-json\/wp\/v2\/media?parent=2259"}],"wp:term":[{"taxonomy":"product_cat","embeddable":true,"href":"https:\/\/demo109.huaxialifting.com\/zh\/wp-json\/wp\/v2\/product_cat?post=2259"},{"taxonomy":"product_tag","embeddable":true,"href":"https:\/\/demo109.huaxialifting.com\/zh\/wp-json\/wp\/v2\/product_tag?post=2259"}],"curies":[{"name":"wp","href":"https:\/\/api.w.org\/{rel}","templated":true}]}}